{"id":1606,"date":"2021-03-31T10:42:12","date_gmt":"2021-03-31T10:42:12","guid":{"rendered":"http:\/\/floch.solas-conseil.com\/?page_id=1606"},"modified":"2021-05-19T09:05:35","modified_gmt":"2021-05-19T09:05:35","slug":"notre-funerarium-et-notre-salle-dhommage","status":"publish","type":"page","link":"https:\/\/floch.solas-conseil.com\/index.php\/notre-funerarium-et-notre-salle-dhommage\/","title":{"rendered":"Notre fun\u00e9rarium et notre salle d\u2019Hommage"},"content":{"rendered":"<p>[vc_row][vc_column][vc_column_text]<\/p>\n<h2><span style=\"color: #9dc106;\"><strong>Fun\u00e9rarium :<\/strong><\/span><\/h2>\n<p>[\/vc_column_text][vc_empty_space][vc_column_text]Pour accueillir votre d\u00e9funt jusqu\u2019\u00e0 son d\u00e9part pour le cimeti\u00e8re ou le cr\u00e9matorium, nous mettons \u00e0 votre disposition un fun\u00e9rarium.<\/p>\n<p>Compos\u00e9 de salons et d\u2019une salle d\u2019attente, cet espace  a \u00e9t\u00e9 am\u00e9nag\u00e9 pour permettre aux proches se recueillir et rendre hommage \u00e0 leur d\u00e9funt dans un cadre calme, intime et adapt\u00e9.[\/vc_column_text][vc_empty_space][vc_row_inner][vc_column_inner][vc_single_image image=\u00a0\u00bb1607&Prime; img_size=\u00a0\u00bbfull\u00a0\u00bb alignment=\u00a0\u00bbcenter\u00a0\u00bb][\/vc_column_inner][\/vc_row_inner][vc_empty_space][vc_row_inner][vc_column_inner width=\u00a0\u00bb1\/2&Prime;][vc_single_image image=\u00a0\u00bb1608&Prime; img_size=\u00a0\u00bbfull\u00a0\u00bb alignment=\u00a0\u00bbcenter\u00a0\u00bb][\/vc_column_inner][vc_column_inner width=\u00a0\u00bb1\/2&Prime;][vc_single_image image=\u00a0\u00bb1609&Prime; img_size=\u00a0\u00bbfull\u00a0\u00bb alignment=\u00a0\u00bbcenter\u00a0\u00bb][\/vc_column_inner][\/vc_row_inner][vc_empty_space][vc_separator color=\u00a0\u00bbgreen\u00a0\u00bb border_width=\u00a0\u00bb2&Prime;][vc_empty_space][\/vc_column][\/vc_row][vc_row][vc_column][vc_column_text]<\/p>\n<h2><span style=\"color: #9dc106;\"><strong>Salle d\u2019Hommage :<\/strong><\/span><\/h2>\n<p>[\/vc_column_text][vc_empty_space][vc_column_text]Afin de r\u00e9pondre aux attentes de familles souhaitant une c\u00e9r\u00e9monie civile, nous mettons \u00e0 leur disposition une salle d\u2019hommage attenante \u00e0 notre chambre fun\u00e9raire.[\/vc_column_text][vc_empty_space][vc_row_inner][vc_column_inner][vc_single_image image=\u00a0\u00bb1611&Prime; img_size=\u00a0\u00bbfull\u00a0\u00bb alignment=\u00a0\u00bbcenter\u00a0\u00bb][\/vc_column_inner][\/vc_row_inner][vc_empty_space][vc_separator color=\u00a0\u00bbgreen\u00a0\u00bb border_width=\u00a0\u00bb2&Prime;][vc_empty_space][\/vc_column][\/vc_row]<\/p>\n","protected":false},"excerpt":{"rendered":"<p>[vc_row][vc_column][vc_column_text] Fun\u00e9rarium : [\/vc_column_text][vc_empty_space][vc_column_text]Pour accueillir votre d\u00e9funt jusqu\u2019\u00e0 son d\u00e9part pour le cimeti\u00e8re ou le cr\u00e9matorium, nous mettons \u00e0 votre disposition un fun\u00e9rarium. Compos\u00e9 de salons et d\u2019une salle d\u2019attente, cet espace a \u00e9t\u00e9 am\u00e9nag\u00e9 pour permettre aux proches se recueillir et rendre hommage \u00e0 leur d\u00e9funt dans un cadre calme, intime et adapt\u00e9.[\/vc_column_text][vc_empty_space][vc_row_inner][vc_column_inner][vc_single_image image=\u00a0\u00bb1607&Prime; [&hellip;]<\/p>\n","protected":false},"author":1,"featured_media":0,"parent":0,"menu_order":0,"comment_status":"closed","ping_status":"closed","template":"","meta":{"footnotes":""},"class_list":["post-1606","page","type-page","status-publish","hentry"],"_links":{"self":[{"href":"https:\/\/floch.solas-conseil.com\/index.php\/wp-json\/wp\/v2\/pages\/1606","targetHints":{"allow":["GET"]}}],"collection":[{"href":"https:\/\/floch.solas-conseil.com\/index.php\/wp-json\/wp\/v2\/pages"}],"about":[{"href":"https:\/\/floch.solas-conseil.com\/index.php\/wp-json\/wp\/v2\/types\/page"}],"author":[{"embeddable":true,"href":"https:\/\/floch.solas-conseil.com\/index.php\/wp-json\/wp\/v2\/users\/1"}],"replies":[{"embeddable":true,"href":"https:\/\/floch.solas-conseil.com\/index.php\/wp-json\/wp\/v2\/comments?post=1606"}],"version-history":[{"count":5,"href":"https:\/\/floch.solas-conseil.com\/index.php\/wp-json\/wp\/v2\/pages\/1606\/revisions"}],"predecessor-version":[{"id":1722,"href":"https:\/\/floch.solas-conseil.com\/index.php\/wp-json\/wp\/v2\/pages\/1606\/revisions\/1722"}],"wp:attachment":[{"href":"https:\/\/floch.solas-conseil.com\/index.php\/wp-json\/wp\/v2\/media?parent=1606"}],"curies":[{"name":"wp","href":"https:\/\/api.w.org\/{rel}","templated":true}]}}