{"id":1639,"date":"2021-03-31T11:10:02","date_gmt":"2021-03-31T11:10:02","guid":{"rendered":"http:\/\/floch.solas-conseil.com\/?page_id=1639"},"modified":"2021-03-31T11:10:02","modified_gmt":"2021-03-31T11:10:02","slug":"prevoyance","status":"publish","type":"page","link":"https:\/\/floch.solas-conseil.com\/index.php\/prevoyance\/","title":{"rendered":"PREVOYANCE"},"content":{"rendered":"<p>[vc_row][vc_column][vc_column_text]<\/p>\n<h4>Nous vous proposons le contrat FUNEPLUS TRANQUILLITE<\/h4>\n<p>&nbsp;<\/p>\n<p style=\"text-align: center;\">Le contrat Funeplus Tranquillit\u00e9 permet d\u2019une mani\u00e8re simple et pratique d\u2019\u00e9viter \u00e0 vos proches des choix dans l\u2019urgence \u00e0 un moment o\u00f9 ils sont dans la douleur. Ils n\u2019auront \u00e0 supporter aucun frais, tout aura \u00e9t\u00e9 r\u00e9gl\u00e9 \u00e0 l\u2019avance.<\/p>\n<p>[\/vc_column_text][vc_empty_space][vc_empty_space][vc_row_inner][vc_column_inner width=\u00a0\u00bb1\/4&Prime;][vc_single_image image=\u00a0\u00bb1640&Prime; img_size=\u00a0\u00bbfull\u00a0\u00bb][\/vc_column_inner][vc_column_inner width=\u00a0\u00bb3\/4&Prime;][vc_column_text]<\/p>\n<h4 style=\"text-align: center;\">Contrat Funeplus Tranquillit\u00e9<\/h4>\n<p>V\u00e9ritable contrat de pr\u00e9-financement d\u2019obs\u00e8ques (AFI ESCA), <strong>Funeplus Tranquillit\u00e9<\/strong> est une assurance sur la vie qui permet de se constituer un capital en vue du financement de ses fun\u00e9railles.<\/p>\n<p>Plus qu\u2019un capital, si vous d\u00e9signez notre entreprise comme b\u00e9n\u00e9ficiaire de ce contrat, nous nous chargerons de l\u2019organisation des fun\u00e9railles, telle que vous la souhaitez.[\/vc_column_text][\/vc_column_inner][\/vc_row_inner][vc_empty_space][vc_row_inner][vc_column_inner width=\u00a0\u00bb1\/4&Prime;][vc_single_image image=\u00a0\u00bb1642&Prime; img_size=\u00a0\u00bbfull\u00a0\u00bb][\/vc_column_inner][vc_column_inner width=\u00a0\u00bb3\/4&Prime;][vc_column_text]<strong>Funeplus Tranquillit\u00e9<\/strong> s\u2019adresse :<\/p>\n<ul>\n<li>A toute personne qui souhaite lib\u00e9rer ses proches des soucis de financement de ses obs\u00e8ques ;<\/li>\n<li>Aux couples qui souhaitent prot\u00e9ger le conjoint survivant en cas de d\u00e9c\u00e8s (en cas de d\u00e9c\u00e8s du 1er assur\u00e9, le conjoint survivant reste couvert pour le capital pr\u00e9vu, revaloris\u00e9 chaque ann\u00e9e, sans paiement de primes) ;<\/li>\n<li>Aux parents d\u2019un enfant \u00e0 charge ou handicap\u00e9 qui souhaitent prot\u00e9ger le conjoint survivant et leur enfant en cas de d\u00e9c\u00e8s. Ainsi, lorsque survient le 1er d\u00e9c\u00e8s, tout est financ\u00e9 pour celui ou ceux qui restent.<\/li>\n<\/ul>\n<p>[\/vc_column_text][\/vc_column_inner][\/vc_row_inner][vc_empty_space][vc_column_text]<strong>Funeplus Tranquillit\u00e9<\/strong> pr\u00e9voit \u00e9galement une assistance rapatriement. O\u00f9 que vous soyez, et dans le respect de vos souhaits, vous \u00eates certain de pouvoir reposer dans l\u2019endroit que vous avez choisi.<\/p>\n<p>Gr\u00e2ce \u00e0 ses formules \u00c9pargne ou Pr\u00e9voyance, <strong>Funeplus Tranquillit\u00e9<\/strong> vous laisse une grande souplesse dans le choix de votre financement : versements p\u00e9riodiques, versements libres, primes uniques, temporaires ou viag\u00e8res\u2026<\/p>\n<p>Renseignez-vous en nous t\u00e9l\u00e9phonant au 02 98 59 85 45 ou en demandant votre devis Pr\u00e9voyance par simple clic : <a href=\"http:\/\/floch.solas-conseil.com\/devis_en_ligne_prevoyance.php\">votre devis pr\u00e9voyance en ligne<\/a>.<\/p>\n<p>&nbsp;<\/p>\n<p class=\"small\">Funeplus Tranquillit\u00e9 est un produit distribu\u00e9 par JPV Assurances : Courtier en assurances. Si\u00e8ge Social : 3 rue du Muids 59740 Felleries. SAS au capital de 25 000 euros. RCS Valenciennes B 449 927 763. n\u00b0 Orias : 07 008 036 <a href=\"http:\/\/www.orias.fr\/\" target=\"_blank\" rel=\"noopener\"><u>www.orias.fr<\/u><\/a> Funeplus Tranquillit\u00e9 est un produit AFI ESCA : Compagnie d\u2019assurance sur la vie et de capitalisation. Entreprise r\u00e9gie par le code des assurances. S.A. au capital de 12 359 520 euros. R.C.S. Strasbourg 548 502 517. Si\u00e8ge social : 2, quai kl\u00e9ber 67000 Strasbourg. Adresse Postale : AFI ESCA &#8211; CS 30441 &#8211; 67008 Strasbourg Cedex. <a href=\"http:\/\/www.afi-esca.com\/\" target=\"_blank\" rel=\"noopener\"><u>www.afi-esca.com<\/u><\/a><\/p>\n<p>[\/vc_column_text][vc_empty_space][vc_separator color=\u00a0\u00bbgreen\u00a0\u00bb border_width=\u00a0\u00bb2&Prime;][vc_empty_space][\/vc_column][\/vc_row][vc_row][vc_column][vc_column_text]<\/p>\n<h4>Bien comprendre les diff\u00e9rents contrats obs\u00e8ques existants sur le march\u00e9<\/h4>\n<p>[\/vc_column_text][vc_empty_space][vc_column_text]Il existe 2 sortes de contrats obs\u00e8ques :<\/p>\n<p>\u00ab <strong>Le contrat de prestations<\/strong> \u00bb. il permet aux souscripteurs de d\u00e9finir par avance l\u2019organisation compl\u00e8te de ses propres obs\u00e8ques (de choisir ses prestations) : ce type de contrat a pour objectif, de garantir que ses obs\u00e8ques seront r\u00e9alis\u00e9es tel qu\u2019on le souhaite de son vivant (notamment son mode de s\u00e9pulture et son culte) mais aussi de lib\u00e9rer ses proches de tous les soucis li\u00e9s \u00e0 l&rsquo;organisation de ses obs\u00e8ques.<br \/>\n\u00ab <strong>Le contrat en capital<\/strong> \u00bb : il permet de garantir un capital pour aider ses proches \u00e0 r\u00e9gler ses frais d&rsquo;obs\u00e8ques le jour venu.<\/p>\n<p><strong>1 &#8211; Le contrat de prestations : pour financer l&rsquo;organisation de ses obs\u00e8ques<\/strong><\/p>\n<p>&nbsp;<\/p>\n<div class=\"pad20\">\n<p>&nbsp;<\/p>\n<ol class=\"dot\">\n<li><strong>Le contrat de prestations personnalis\u00e9es<\/strong><\/li>\n<\/ol>\n<p>Ce sont des contrats propos\u00e9s par les entreprises de pompes fun\u00e8bres. Ils sous-entendent une action conjointe entre l&rsquo;entreprise de pompes fun\u00e8bres et un assureur (ou une mutuelle).<br \/>\nLe principe est le suivant :<\/p>\n<ol class=\"decimal\">\n<li>Le souscripteur \u00e9tablit un devis d\u00e9taill\u00e9 d&rsquo;obs\u00e8ques aupr\u00e8s de l&rsquo;entreprise de pompes fun\u00e8bres,<\/li>\n<li>L&rsquo;entreprise de pompes fun\u00e8bres \u00e9tablit un contrat de financement (via son assureur partenaire) pour r\u00e9gler la facture d&rsquo;obs\u00e8ques le jour du d\u00e9c\u00e8s,<\/li>\n<li>Les obs\u00e8ques seront directement r\u00e9gl\u00e9es par l&rsquo;assurance aupr\u00e8s de l&rsquo;entreprise de pompes fun\u00e8bres b\u00e9n\u00e9ficiaire du contrat,<\/li>\n<li>L&rsquo;entreprise de pompes fun\u00e8bres (b\u00e9n\u00e9ficiaire du contrat d&rsquo;assurance) s&rsquo;engage \u00e0 respecter les prestations pr\u00e9vues au contrat le jour du d\u00e9c\u00e8s, sans demander un suppl\u00e9ment aux ayant-droits.<\/li>\n<\/ol>\n<p>&nbsp;<\/p>\n<ol class=\"dot\">\n<li><strong>Le contrat de prestations standardis\u00e9es<\/strong><\/li>\n<\/ol>\n<p>Ce sont des contrats propos\u00e9s par les banques et les assurances en relation avec un r\u00e9seau d&rsquo;entreprises de pompes fun\u00e8bres.<\/p>\n<p>Les prestations pr\u00e9vues au contrat sont souvent assez g\u00e9n\u00e9riques (mis \u00e0 part le choix entre le mode de s\u00e9pulture et le culte qui reste personnalis\u00e9 pour chaque souscripteur). Il est important de souligner qu&rsquo;un contrat obs\u00e8ques n&rsquo;est pas fig\u00e9 dans le temps, il offre toute possibilit\u00e9 au souscripteur, sa vie durant, de modifier (r\u00e9f loi 2004-1343 parue au J.O. le 10 d\u00e9cembre 2004) :<br \/>\n&#8211; la nature des obs\u00e8ques,<br \/>\n&#8211; le mode de s\u00e9pulture,<br \/>\n&#8211; le contenu des prestations,<br \/>\n&#8211; les fournitures fun\u00e9raires,<br \/>\n&#8211; la soci\u00e9t\u00e9 de pompes fun\u00e8bres habilit\u00e9e et d\u00e9sign\u00e9e pour ex\u00e9cuter des obs\u00e8ques,<br \/>\n&#8211; le mandataire d\u00e9sign\u00e9 pour veiller \u00e0 la bonne ex\u00e9cution des volont\u00e9s exprim\u00e9es<\/p>\n<p><strong>2 &#8211; Le contrat en capital (ou contrat d&rsquo;\u00e9pargne en pr\u00e9vision des frais d&rsquo;obs\u00e8ques) : pour aider au financement de ses obs\u00e8ques.<\/strong> Il s&rsquo;agit d&rsquo;un contrat d&rsquo;assurance vie avec versement d&rsquo;un capital au moment du d\u00e9c\u00e8s. Le montant du capital est d\u00e9termin\u00e9 par le souscripteur en fonction de son devis d&rsquo;obs\u00e9ques, mais n&rsquo;est pas contractuellement affect\u00e9 \u00e0 la couverture des frais d&rsquo;obs\u00e8ques. L&rsquo;assureur s&rsquo;engage seulement \u00e0 payer un capital d\u00e9fini \u00e0 l&rsquo;entreprise de pompes fun\u00e8bres (si celle-ci est d\u00e9sign\u00e9e b\u00e9n\u00e9ficiaire du contrat) ind\u00e9pendamment de la r\u00e9elle facture des obs\u00e8ques le jour venu. Si le b\u00e9n\u00e9ficiaire d\u00e9sign\u00e9 n&rsquo;est pas l&rsquo;entreprise de pompes fun\u00e8bres, il n&rsquo;y a aucune garantie que le capital soit utilis\u00e9 pour financer les obs\u00e8ques.<\/p>\n<p>&nbsp;<\/p>\n<\/div>\n<p><strong>Tous les contrats, qu&rsquo;ils soient \u00e9tablis en prestations ou en capital, s&rsquo;accompagnent en g\u00e9n\u00e9ral d&rsquo;une assistance apr\u00e8s d\u00e9c\u00e8s (rapatriement, assistance t\u00e9l\u00e9phonique, autres services \u00e0 la personne au moment des obs\u00e8ques&#8230;).<\/strong>[\/vc_column_text][vc_empty_space][vc_separator color=\u00a0\u00bbgreen\u00a0\u00bb border_width=\u00a0\u00bb2&Prime;][vc_empty_space][\/vc_column][\/vc_row]<\/p>\n","protected":false},"excerpt":{"rendered":"<p>[vc_row][vc_column][vc_column_text] Nous vous proposons le contrat FUNEPLUS TRANQUILLITE &nbsp; Le contrat Funeplus Tranquillit\u00e9 permet d\u2019une mani\u00e8re simple et pratique d\u2019\u00e9viter \u00e0 vos proches des choix dans l\u2019urgence \u00e0 un moment o\u00f9 ils sont dans la douleur. Ils n\u2019auront \u00e0 supporter aucun frais, tout aura \u00e9t\u00e9 r\u00e9gl\u00e9 \u00e0 l\u2019avance. [\/vc_column_text][vc_empty_space][vc_empty_space][vc_row_inner][vc_column_inner width=\u00a0\u00bb1\/4&Prime;][vc_single_image image=\u00a0\u00bb1640&Prime; img_size=\u00a0\u00bbfull\u00a0\u00bb][\/vc_column_inner][vc_column_inner width=\u00a0\u00bb3\/4&Prime;][vc_column_text] Contrat Funeplus [&hellip;]<\/p>\n","protected":false},"author":1,"featured_media":0,"parent":0,"menu_order":0,"comment_status":"closed","ping_status":"closed","template":"","meta":{"footnotes":""},"class_list":["post-1639","page","type-page","status-publish","hentry"],"_links":{"self":[{"href":"https:\/\/floch.solas-conseil.com\/index.php\/wp-json\/wp\/v2\/pages\/1639","targetHints":{"allow":["GET"]}}],"collection":[{"href":"https:\/\/floch.solas-conseil.com\/index.php\/wp-json\/wp\/v2\/pages"}],"about":[{"href":"https:\/\/floch.solas-conseil.com\/index.php\/wp-json\/wp\/v2\/types\/page"}],"author":[{"embeddable":true,"href":"https:\/\/floch.solas-conseil.com\/index.php\/wp-json\/wp\/v2\/users\/1"}],"replies":[{"embeddable":true,"href":"https:\/\/floch.solas-conseil.com\/index.php\/wp-json\/wp\/v2\/comments?post=1639"}],"version-history":[{"count":3,"href":"https:\/\/floch.solas-conseil.com\/index.php\/wp-json\/wp\/v2\/pages\/1639\/revisions"}],"predecessor-version":[{"id":1644,"href":"https:\/\/floch.solas-conseil.com\/index.php\/wp-json\/wp\/v2\/pages\/1639\/revisions\/1644"}],"wp:attachment":[{"href":"https:\/\/floch.solas-conseil.com\/index.php\/wp-json\/wp\/v2\/media?parent=1639"}],"curies":[{"name":"wp","href":"https:\/\/api.w.org\/{rel}","templated":true}]}}