{"id":1645,"date":"2021-03-31T11:14:33","date_gmt":"2021-03-31T11:14:33","guid":{"rendered":"http:\/\/floch.solas-conseil.com\/?page_id=1645"},"modified":"2021-05-19T08:43:42","modified_gmt":"2021-05-19T08:43:42","slug":"deuil","status":"publish","type":"page","link":"https:\/\/floch.solas-conseil.com\/index.php\/deuil\/","title":{"rendered":"Le Deuil"},"content":{"rendered":"<p>[vc_row][vc_column][vc_column_text]<\/p>\n<div class=\"wpb_text_column wpb_content_element \">\n<h4 class=\"wpb_wrapper\"><span style=\"color: #9dc106;\">Les \u00e9tapes du Deuil<\/span><\/h4>\n<\/div>\n<p>&nbsp;<\/p>\n<div><\/div>\n<div class=\"wpb_text_column wpb_content_element \">\n<div class=\"wpb_wrapper\">\n<p><img fetchpriority=\"high\" decoding=\"async\" class=\"size-full wp-image-489 alignleft\" src=\"https:\/\/pompes-funebres-pierregui.fr\/wp-content\/uploads\/2020\/05\/deuil1.jpg\" alt=\"\" width=\"280\" height=\"185\" \/>Le deuil est un sentiment de tristesse et de souffrance \u00e9prouv\u00e9 \u00e0 la mort d\u2019un proche. Il d\u00e9signe le processus intime qui suit un d\u00e9c\u00e8s o\u00f9 l\u2019on se r\u00e9signe comme l\u2019on peut \u00e0 la perte d\u2019un \u00eatre cher, (comme l\u2019on peut ou en puisant dans ses ressources propres, \u00e0 sa fa\u00e7on).<\/p>\n<p>&nbsp;<\/p>\n<p>&nbsp;<\/p>\n<p>Le deuil est un sentiment tout \u00e0 fait normal qui permet d\u2019accepter cette perte et de s\u2019y adapter. On parle alors de \u201ctravail de deuil\u201d, c\u2019est-\u00e0-dire un travail sur soi qui r\u00e9clame que l\u2019on se s\u00e9pare progressivement de l\u2019\u00eatre cher pour avancer de nouveau et prendre un nouveau d\u00e9part.<\/p>\n<p>&nbsp;<\/p>\n<p>Ce traumatisme est d\u2019intensit\u00e9 plus ou moins forte et de dur\u00e9e variable (1 \u00e0 2 ans, parfois plus) selon la proximit\u00e9 du d\u00e9funt et les liens d\u2019attachement que l\u2019on entretenait avec lui.<\/p>\n<p>On sait aujourd\u2019hui que \u00ab faire son deuil \u00bb consiste \u00e0 traverser un certain nombre d\u2019\u00e9tapes psychologiques : ces \u00e9tapes sont douloureuses mais elles sont n\u00e9cessaires et constructives. Elles permettent \u00e0 terme de retrouver l\u2019apaisement.<br \/>\nDe nombreuses \u00e9tudes ont \u00e9t\u00e9 faites pour d\u00e9crire ces \u00e9tapes, apportant plus ou moins de pr\u00e9cisions sur les ressentis, les \u00e9motions, les comportements. Toutes s\u2019accordent \u00e0 dire qu\u2019il existe 4 principales \u00e9tapes successives :<\/p>\n<\/div>\n<\/div>\n<p>[\/vc_column_text][\/vc_column][\/vc_row][vc_row][vc_column][vc_empty_space][vc_separator color=\u00a0\u00bbgreen\u00a0\u00bb border_width=\u00a0\u00bb2&Prime;][vc_empty_space][\/vc_column][\/vc_row][vc_row][vc_column][vc_column_text]<\/p>\n<h4><span style=\"color: #9dc106;\">L\u2019\u00e9tape du choc<\/span><\/h4>\n<p>En apprenant la nouvelle, le proche, choqu\u00e9, se retrouve pendant quelque temps, dans un \u00e9tat second pendant lequel il refuse la r\u00e9alit\u00e9 de la disparition. Cette \u00e9tape peut durer de quelques heures \u00e0 quelques jours.[\/vc_column_text][\/vc_column][\/vc_row][vc_row][vc_column][vc_empty_space][vc_separator color=\u00a0\u00bbgreen\u00a0\u00bb border_width=\u00a0\u00bb2&Prime;][vc_empty_space][\/vc_column][\/vc_row][vc_row][vc_column][vc_column_text]<\/p>\n<h4><span style=\"color: #9dc106;\">L\u2019\u00e9tape de la recherche de l\u2019\u00eatre perdu<\/span><\/h4>\n<p>Pass\u00e9 le choc des premi\u00e8res semaines, le proche, prenant peu \u00e0 peu pleinement conscience du d\u00e9c\u00e8s, recherche des souvenirs sensoriels ou concrets pour garder un lien avec le d\u00e9funt. Dans cette \u00e9tape le proche ressent encore fortement la pr\u00e9sence de son d\u00e9funt.[\/vc_column_text][\/vc_column][\/vc_row][vc_row][vc_column][vc_empty_space][vc_separator color=\u00a0\u00bbgreen\u00a0\u00bb border_width=\u00a0\u00bb2&Prime;][vc_empty_space][\/vc_column][\/vc_row][vc_row][vc_column][vc_column_text]<\/p>\n<h4><span style=\"color: #9dc106;\">L\u2019\u00e9tape de la d\u00e9pression<\/span><\/h4>\n<p>C\u2019est la p\u00e9riode centrale du deuil, celle o\u00f9 l\u2019on prend conscience du caract\u00e8re d\u00e9finitif du d\u00e9part du d\u00e9funt, o\u00f9 l\u2019on se r\u00e9signe \u00e0 la perte de l\u2019\u00eatre cher. Cette douloureuse p\u00e9riode, se traduit par des \u00e9motions intenses (tristesse, pleurs, culpabilit\u00e9, col\u00e8re, sentiment d\u2019abandon, abattement, comportements d\u00e9pressifs, d\u00e9sint\u00e9r\u00eat pour l\u2019ext\u00e9rieur, repli sur soi, d\u00e9couragement ou au contraire hyperactivit\u00e9 etc\u2026) voire \u00e9galement par des comportements somatiques (perte d\u2019app\u00e9tit et d\u2019\u00e9nergie, anorexie, g\u00eane respiratoire, douleurs thoraciques, tachycardie, etc\u2026).[\/vc_column_text][\/vc_column][\/vc_row][vc_row][vc_column][vc_empty_space][vc_separator color=\u00a0\u00bbgreen\u00a0\u00bb border_width=\u00a0\u00bb2&Prime;][vc_empty_space][\/vc_column][\/vc_row][vc_row][vc_column][vc_column_text]<\/p>\n<h4><span style=\"color: #9dc106;\">L\u2019\u00e9tape de la reconstruction, la r\u00e9solution<\/span><\/h4>\n<p>&nbsp;<\/p>\n<p><img decoding=\"async\" class=\"size-full wp-image-493 alignleft\" src=\"https:\/\/pompes-funebres-pierregui.fr\/wp-content\/uploads\/2020\/05\/deuil2.jpg\" alt=\"\" width=\"280\" height=\"264\" \/>C\u2019est la phase de sortie du deuil, le d\u00e9but du r\u00e9tablissement, le d\u00e9but de l\u2019acceptation de l\u2019absence physique du d\u00e9funt. Le proche int\u00e8gre cela dans son nouvel environnement, il s\u2019est cr\u00e9\u00e9 un lien int\u00e9rieur avec le d\u00e9funt, il ressent de l\u2019apaisement et recommence \u00e0 faire des projets en retrouvant un sens \u00e0 la vie qui reprend progressivement son cours.<br \/>\nLes \u00e9motions ressenties \u00e0 chaque \u00e9tape<\/p>\n<p>&nbsp;<\/p>\n<p>Il est cependant important de savoir qu\u2019il existe aujourd\u2019hui de nombreuses aides sp\u00e9cialis\u00e9es, des solutions personnalis\u00e9es pour aider les personnes \u00e0 traverser les \u00e9tapes de leur deuil, et ceci, quelle que soit la nature du deuil.<\/p>\n<p>&nbsp;<\/p>\n<p>Des lignes d\u2019\u00e9coute t\u00e9l\u00e9phonique, psychologues, colloques, r\u00e9unions, vid\u00e9os sont disponibles pour celles et ceux qui en ressentent le besoin. Les aides sont multiples et adapt\u00e9es \u00e0 toutes les situations. Nous avons s\u00e9lectionn\u00e9 pour vous un organisme sp\u00e9cialis\u00e9 dans le deuil qui propose des solutions d\u2019aide et de soutien adapt\u00e9es \u00e0 chaque situation de deuil : <strong>F\u00e9d\u00e9ration Europ\u00e9enne Vivre Son Deuil<\/strong> <a href=\"http:\/\/vivresondeuil.asso.fr\/\" target=\"_blank\" rel=\"noopener noreferrer\">http:\/\/vivresondeuil.asso.fr<\/a>[\/vc_column_text][\/vc_column][\/vc_row][vc_row][vc_column][vc_empty_space][vc_separator color=\u00a0\u00bbgreen\u00a0\u00bb border_width=\u00a0\u00bb2&Prime;][vc_empty_space][\/vc_column][\/vc_row]<\/p>\n","protected":false},"excerpt":{"rendered":"<p>[vc_row][vc_column][vc_column_text] Les \u00e9tapes du Deuil &nbsp; Le deuil est un sentiment de tristesse et de souffrance \u00e9prouv\u00e9 \u00e0 la mort d\u2019un proche. Il d\u00e9signe le processus intime qui suit un d\u00e9c\u00e8s o\u00f9 l\u2019on se r\u00e9signe comme l\u2019on peut \u00e0 la perte d\u2019un \u00eatre cher, (comme l\u2019on peut ou en puisant dans ses ressources propres, \u00e0 [&hellip;]<\/p>\n","protected":false},"author":1,"featured_media":0,"parent":0,"menu_order":0,"comment_status":"closed","ping_status":"closed","template":"","meta":{"footnotes":""},"class_list":["post-1645","page","type-page","status-publish","hentry"],"_links":{"self":[{"href":"https:\/\/floch.solas-conseil.com\/index.php\/wp-json\/wp\/v2\/pages\/1645","targetHints":{"allow":["GET"]}}],"collection":[{"href":"https:\/\/floch.solas-conseil.com\/index.php\/wp-json\/wp\/v2\/pages"}],"about":[{"href":"https:\/\/floch.solas-conseil.com\/index.php\/wp-json\/wp\/v2\/types\/page"}],"author":[{"embeddable":true,"href":"https:\/\/floch.solas-conseil.com\/index.php\/wp-json\/wp\/v2\/users\/1"}],"replies":[{"embeddable":true,"href":"https:\/\/floch.solas-conseil.com\/index.php\/wp-json\/wp\/v2\/comments?post=1645"}],"version-history":[{"count":4,"href":"https:\/\/floch.solas-conseil.com\/index.php\/wp-json\/wp\/v2\/pages\/1645\/revisions"}],"predecessor-version":[{"id":1719,"href":"https:\/\/floch.solas-conseil.com\/index.php\/wp-json\/wp\/v2\/pages\/1645\/revisions\/1719"}],"wp:attachment":[{"href":"https:\/\/floch.solas-conseil.com\/index.php\/wp-json\/wp\/v2\/media?parent=1645"}],"curies":[{"name":"wp","href":"https:\/\/api.w.org\/{rel}","templated":true}]}}