{"id":1648,"date":"2021-03-31T11:16:01","date_gmt":"2021-03-31T11:16:01","guid":{"rendered":"http:\/\/floch.solas-conseil.com\/?page_id=1648"},"modified":"2021-03-31T11:16:01","modified_gmt":"2021-03-31T11:16:01","slug":"qui-doit-regler-les-obseques","status":"publish","type":"page","link":"https:\/\/floch.solas-conseil.com\/index.php\/qui-doit-regler-les-obseques\/","title":{"rendered":"Qui doit r\u00e9gler les obs\u00e8ques ?"},"content":{"rendered":"<p>[vc_row][vc_column][vc_column_text]<strong>Qui doit r\u00e9gler les obs\u00e8ques ?<\/strong><\/p>\n<p>(R\u00e9f : https:\/\/www.service-public.fr\/particuliers\/vosdroits\/F17059)<\/p>\n<p>Les frais d\u2019obs\u00e8ques sont pr\u00e9lev\u00e9s sur l\u2019actif successoral, c\u2019est-\u00e0-dire sur les comptes bancaires de la personne d\u00e9c\u00e9d\u00e9e. Si le solde de ces comptes n\u2019est pas suffisant, les h\u00e9ritiers doivent participer.<\/p>\n<p>Sur pr\u00e9sentation de la facture des obs\u00e8ques, vous pouvez demander \u00e0 la banque aupr\u00e8s de laquelle votre proche disposait d\u2019un compte, le paiement des frais d\u2019obs\u00e8ques dans la limite de 5 000 \u20ac.<br \/>\nLes frais d\u2019obs\u00e8ques sont assimil\u00e9s \u00e0 une dette alimentaire.<br \/>\nAu sein de la famille du d\u00e9funt, et m\u00eame si elles ont renonc\u00e9 \u00e0 la succession, les personnes tenues au paiement des frais d\u2019obs\u00e8ques sont :<\/p>\n<ul>\n<li>ses descendants,<\/li>\n<li>et ses ascendants.<\/li>\n<\/ul>\n<p>Ces personnes doivent assumer la charge de ces frais dans les conditions suivantes:<\/p>\n<ul>\n<li>dans la proportion de leurs ressources,<\/li>\n<li>et sous la r\u00e9serve que la d\u00e9pense ne soit pas excessive (exemples : commande d\u2019une pierre tombale tr\u00e8s co\u00fbteuse, \u00e9l\u00e9vation d\u2019un monument fun\u00e9raire, etc).<\/li>\n<\/ul>\n<p>Pour l\u2019entreprise de pompes fun\u00e8bres, c\u2019est celui qui a pass\u00e9 la commande qui doit payer la facture. Si n\u00e9cessaire, il peut ensuite se retourner contre les autres membres de la famille tenus au paiement des frais d\u2019obs\u00e8ques. En cas de refus de r\u00e9gler leur part, il peut saisir le juge.<\/p>\n<p><strong><u>NB<\/u><\/strong> :   pour les personnes d\u00e9pourvues de ressources suffisantes, les frais d\u2019obs\u00e8ques sont pris en charge par la commune du d\u00e9c\u00e8s.<\/p>\n<p>&nbsp;<\/p>\n<p><strong>Le capital d\u00e9c\u00e8s<\/strong><\/p>\n<p>Si le d\u00e9funt avait souscrit un contrat obs\u00e8ques, les proches ne devraient en th\u00e9orie rien avoir \u00e0 payer (\u00e9ventuellement un reliquat selon le type de contrat obs\u00e8ques).<br \/>\nEn dehors de ce cas de figure, un capital d\u00e9c\u00e8s peut \u00e9galement \u00eatre per\u00e7u dans certains cas :<\/p>\n<ul>\n<li>Aupr\u00e8s d\u2019une assurance souscrite pr\u00e9alablement par le d\u00e9funt (capital D\u00e9c\u00e8s, Assurance vie\u2026),<\/li>\n<li>Aupr\u00e8s de la S\u00e9curit\u00e9 Sociale ; si le d\u00e9funt \u00e9tait salari\u00e9 en activit\u00e9, au ch\u00f4mage (ou dans les 12 mois suivants son indemnisation) ou en retraite depuis moins de 3 mois,<\/li>\n<li>Plus rarement aupr\u00e8s de la mutuelle (mutuelle du d\u00e9funt et\/ou celle du conjoint survivant).<\/li>\n<\/ul>\n<p>[\/vc_column_text][\/vc_column][\/vc_row][vc_row][vc_column][vc_empty_space][vc_separator color=\u00a0\u00bbgreen\u00a0\u00bb border_width=\u00a0\u00bb2&Prime;][vc_empty_space][\/vc_column][\/vc_row]<\/p>\n","protected":false},"excerpt":{"rendered":"<p>[vc_row][vc_column][vc_column_text]Qui doit r\u00e9gler les obs\u00e8ques ? (R\u00e9f : https:\/\/www.service-public.fr\/particuliers\/vosdroits\/F17059) Les frais d\u2019obs\u00e8ques sont pr\u00e9lev\u00e9s sur l\u2019actif successoral, c\u2019est-\u00e0-dire sur les comptes bancaires de la personne d\u00e9c\u00e9d\u00e9e. Si le solde de ces comptes n\u2019est pas suffisant, les h\u00e9ritiers doivent participer. Sur pr\u00e9sentation de la facture des obs\u00e8ques, vous pouvez demander \u00e0 la banque aupr\u00e8s de laquelle [&hellip;]<\/p>\n","protected":false},"author":1,"featured_media":0,"parent":0,"menu_order":0,"comment_status":"closed","ping_status":"closed","template":"","meta":{"footnotes":""},"class_list":["post-1648","page","type-page","status-publish","hentry"],"_links":{"self":[{"href":"https:\/\/floch.solas-conseil.com\/index.php\/wp-json\/wp\/v2\/pages\/1648","targetHints":{"allow":["GET"]}}],"collection":[{"href":"https:\/\/floch.solas-conseil.com\/index.php\/wp-json\/wp\/v2\/pages"}],"about":[{"href":"https:\/\/floch.solas-conseil.com\/index.php\/wp-json\/wp\/v2\/types\/page"}],"author":[{"embeddable":true,"href":"https:\/\/floch.solas-conseil.com\/index.php\/wp-json\/wp\/v2\/users\/1"}],"replies":[{"embeddable":true,"href":"https:\/\/floch.solas-conseil.com\/index.php\/wp-json\/wp\/v2\/comments?post=1648"}],"version-history":[{"count":2,"href":"https:\/\/floch.solas-conseil.com\/index.php\/wp-json\/wp\/v2\/pages\/1648\/revisions"}],"predecessor-version":[{"id":1650,"href":"https:\/\/floch.solas-conseil.com\/index.php\/wp-json\/wp\/v2\/pages\/1648\/revisions\/1650"}],"wp:attachment":[{"href":"https:\/\/floch.solas-conseil.com\/index.php\/wp-json\/wp\/v2\/media?parent=1648"}],"curies":[{"name":"wp","href":"https:\/\/api.w.org\/{rel}","templated":true}]}}